{"id":1408,"date":"2021-10-28T12:19:21","date_gmt":"2021-10-28T10:19:21","guid":{"rendered":"https:\/\/goldenplast.com\/privacy-policy\/"},"modified":"2021-10-28T12:19:21","modified_gmt":"2021-10-28T10:19:21","slug":"privacy-policy","status":"publish","type":"page","link":"https:\/\/goldenplast.com\/en\/privacy-policy\/","title":{"rendered":"Privacy Policy"},"content":{"rendered":"<p>[vc_row css_animation=&#8221;&#8221; row_type=&#8221;row&#8221; use_row_as_full_screen_section=&#8221;no&#8221; type=&#8221;grid&#8221; angled_section=&#8221;no&#8221; text_align=&#8221;left&#8221; background_image_as_pattern=&#8221;without_pattern&#8221; z_index=&#8221;&#8221; css=&#8221;.vc_custom_1622130955717{margin-top: 120px !important;}&#8221;][vc_column][vc_column_text]<\/p>\n<h3><span style=\"color: #2b2b2b;\"><b>Informativa Privacy<\/b><\/span><\/h3>\n<p>&nbsp;<\/p>\n<p><span style=\"font-weight: 400;\">GOLDENPLAST S.p.A., con sede legale in via Antonelli e Tebaldi \u2013 PORTO POTENZA PICENA, si impegna costantemente per tutelare la privacy dei suoi clienti Persone fisiche. Ai sensi dell\u2019art. 13 del Regolamento dell\u2019Unione Europea n. 679\/2016, noto come \u201cGDPR\u201d (General Data Protection Regulation), GOLDENPLAST S.p.A. fornisce la seguente informativa sul trattamento dei dati personali del Cliente. Le informazioni ed i dati da lei forniti, saranno oggetto di trattamento nel rispetto delle disposizioni del Regolamento e degli obblighi di riservatezza che ispirano l&#8217;attivit\u00e0 di GOLDENPLAST S.p.A.<\/span><\/p>\n<p><span style=\"font-weight: 400;\">Secondo le norme del Regolamento, i trattamenti effettuati da GOLDENPLAST S.p.A. saranno improntati ai principi di liceit\u00e0, correttezza, trasparenza, limitazione delle finalit\u00e0 e della conservazione, minimizzazione dei dati, esattezza, integrit\u00e0 e riservatezza.<\/span><\/p>\n<p>&nbsp;<\/p>\n<p><b>Tipologie di dati personali oggetto del trattamento<\/b><\/p>\n<p><span style=\"font-weight: 400;\">Per trattamento di dati personali intendiamo qualsiasi operazione o insieme di operazioni, compiute con o senza l&#8217;ausilio di processi automatizzati e applicate a dati personali o insiemi di dati personali, come la raccolta, la registrazione, l&#8217;organizzazione, la strutturazione, la conservazione, l&#8217;adattamento o la modifica, l&#8217;estrazione, la consultazione, l&#8217;uso, la comunicazione mediante trasmissione, diffusione o qualsiasi altra forma di messa a disposizione, il raffronto o l&#8217;interconnessione, la limitazione, la cancellazione o la distruzione.<\/span><\/p>\n<p><span style=\"font-weight: 400;\">La informiamo che i dati personali oggetto di trattamento sono di tipo identificabili.<\/span><\/p>\n<p><span style=\"font-weight: 400;\">Saranno forniti direttamente dall\u2019interessato e saranno costituiti da: Cognome, Nome, Indirizzo, Citt\u00e0, Cap, Regione, Paese, Email, Numero di telefono, Fax.<\/span><\/p>\n<p><span style=\"font-weight: 400;\">I predetti dati saranno trattati con supporti informatici e cartacei e saranno predisposte misure adeguate di sicurezza tecniche ed organizzative in modo da garantire la riservatezza, la integrit\u00e0 e la disponibilit\u00e0 dei dati.<\/span><\/p>\n<p>&nbsp;<\/p>\n<p><b>Finalit\u00e0 del Trattamento<\/b><\/p>\n<p><span style=\"font-weight: 400;\">Le finalit\u00e0 del trattamento sono:<\/span><\/p>\n<ul>\n<li style=\"font-weight: 400;\" aria-level=\"1\"><span style=\"font-weight: 400;\">Perseguimento del legittimo interesse del titolare del trattamento;<\/span><\/li>\n<li style=\"font-weight: 400;\" aria-level=\"1\"><span style=\"font-weight: 400;\">Gestione richieste di informazioni commerciali\/contatti.<\/span><\/li>\n<\/ul>\n<p><span style=\"font-weight: 400;\">Il conferimento dei dati necessari al perseguimento delle finalit\u00e0 ha natura spontanea.<\/span><\/p>\n<p>&nbsp;<\/p>\n<p><b>Conservazione dei dati<\/b><\/p>\n<p><span style=\"font-weight: 400;\">I dati personali che ci ha fornito, ai fini contrattuali e contabili, sono conservati per il tempo necessario allo svolgimento del rapporto commerciale e contabile. Il periodo di conservazione dei dati \u00e8: per il periodo di trattamento.<\/span><\/p>\n<p>&nbsp;<\/p>\n<p><b>I soggetti destinatari dei dati<\/b><\/p>\n<p><span style=\"font-weight: 400;\">Nella gestione dei suoi dati, inoltre, possono venire a conoscenza degli stessi le seguenti categorie di persone autorizzate e\/o responsabili interni individuati per iscritto ed ai quali sono state fornite specifiche istruzioni scritte circa il trattamento dei dati:<\/span><\/p>\n<ul>\n<li style=\"font-weight: 400;\" aria-level=\"1\"><span style=\"font-weight: 400;\">Responsabile interno del trattamento dei dati;<\/span><\/li>\n<li style=\"font-weight: 400;\" aria-level=\"1\"><span style=\"font-weight: 400;\">Dipendenti area commerciale\/amministrativa\/acquisti.<\/span><\/li>\n<\/ul>\n<p>&nbsp;<\/p>\n<p><b>Diritti degli Interessati<\/b><\/p>\n<p><span style=\"font-weight: 400;\">Il Regolamento UE 2016\/679 (artt. da 15 a 23) e la normativa nazionale conferisce agli interessati l&#8217;esercizio di specifici diritti, quali:<\/span><\/p>\n<ul>\n<li style=\"font-weight: 400;\" aria-level=\"1\"><span style=\"font-weight: 400;\">richiedere la conferma dell&#8217;esistenza di dati personali che lo riguardano (diritto di accesso);<\/span><\/li>\n<li style=\"font-weight: 400;\" aria-level=\"1\"><span style=\"font-weight: 400;\">conoscerne l&#8217;origine;<\/span><\/li>\n<li style=\"font-weight: 400;\" aria-level=\"1\"><span style=\"font-weight: 400;\">avere informazioni circa la logica, le modalit\u00e0 e le finalit\u00e0 del trattamento;<\/span><\/li>\n<li style=\"font-weight: 400;\" aria-level=\"1\"><span style=\"font-weight: 400;\">richiederne l&#8217;aggiornamento, la rettifica, l&#8217;integrazione, la cancellazione, la trasformazione in forma anonima, il blocco dei dati trattati in violazione di legge, ivi compresi quelli non pi\u00f9 necessari al perseguimento degli scopi per i quali sono stati raccolti;<\/span><\/li>\n<li style=\"font-weight: 400;\" aria-level=\"1\"><span style=\"font-weight: 400;\">nei casi di trattamento basato su consenso, ricevere i propri dati forniti al titolare, in forma strutturata e leggibile da un elaboratore di dati e in un formato comunemente usato da un dispositivo elettronico;<\/span><\/li>\n<li style=\"font-weight: 400;\" aria-level=\"1\"><span style=\"font-weight: 400;\">il diritto di presentare un reclamo all\u2019Autorit\u00e0 di controllo che in Italia \u00e8 il Garante per la Protezione dei Dati Personali<\/span><\/li>\n<\/ul>\n<p>&nbsp;<\/p>\n<p><b>Titolare del Trattamento<\/b><\/p>\n<p><span style=\"font-weight: 400;\">Il Titolare del trattamento dei dati personali \u00e8 GOLDENPLAST S.p.A.<\/span>[\/vc_column_text][\/vc_column][\/vc_row]<\/p>\n","protected":false},"excerpt":{"rendered":"<p>[vc_row css_animation=&#8221;&#8221; row_type=&#8221;row&#8221; use_row_as_full_screen_section=&#8221;no&#8221; type=&#8221;grid&#8221; angled_section=&#8221;no&#8221; text_align=&#8221;left&#8221; background_image_as_pattern=&#8221;without_pattern&#8221; z_index=&#8221;&#8221; css=&#8221;.vc_custom_1622130955717{margin-top: 120px !important;}&#8221;][vc_column][vc_column_text] Informativa Privacy &nbsp; GOLDENPLAST S.p.A., con sede legale in via Antonelli e Tebaldi \u2013 PORTO POTENZA PICENA, si impegna costantemente per tutelare la privacy dei suoi clienti Persone fisiche. Ai sensi dell\u2019art. 13&#8230;<\/p>\n","protected":false},"author":1,"featured_media":0,"parent":0,"menu_order":0,"comment_status":"closed","ping_status":"closed","template":"full_width.php","meta":[],"tags":[],"yoast_head":"<!-- This site is optimized with the Yoast SEO plugin v16.1.1 - https:\/\/yoast.com\/wordpress\/plugins\/seo\/ -->\n<title>Privacy Policy | GoldenPlast<\/title>\n<link rel=\"canonical\" href=\"https:\/\/goldenplast.com\/en\/privacy-policy\/\" \/>\n<meta property=\"og:locale\" content=\"en_US\" \/>\n<meta property=\"og:type\" content=\"article\" \/>\n<meta property=\"og:title\" content=\"Privacy Policy | GoldenPlast\" \/>\n<meta property=\"og:description\" content=\"[vc_row css_animation=&#8221;&#8221; row_type=&#8221;row&#8221; use_row_as_full_screen_section=&#8221;no&#8221; type=&#8221;grid&#8221; angled_section=&#8221;no&#8221; text_align=&#8221;left&#8221; background_image_as_pattern=&#8221;without_pattern&#8221; z_index=&#8221;&#8221; css=&#8221;.vc_custom_1622130955717{margin-top: 120px !important;}&#8221;][vc_column][vc_column_text] Informativa Privacy &nbsp; GOLDENPLAST S.p.A., con sede legale in via Antonelli e Tebaldi \u2013 PORTO POTENZA PICENA, si impegna costantemente per tutelare la privacy dei suoi clienti Persone fisiche. Ai sensi dell\u2019art. 13...\" \/>\n<meta property=\"og:url\" content=\"https:\/\/goldenplast.com\/en\/privacy-policy\/\" \/>\n<meta property=\"og:site_name\" content=\"GoldenPlast\" \/>\n<meta name=\"twitter:card\" content=\"summary_large_image\" \/>\n<meta name=\"twitter:label1\" content=\"Est. reading time\">\n\t<meta name=\"twitter:data1\" content=\"3 minutes\">\n<script type=\"application\/ld+json\" class=\"yoast-schema-graph\">{\"@context\":\"https:\/\/schema.org\",\"@graph\":[{\"@type\":\"Organization\",\"@id\":\"https:\/\/goldenplast.com\/#organization\",\"name\":\"Goldenplast\\u00ae\",\"url\":\"https:\/\/goldenplast.com\/\",\"sameAs\":[],\"logo\":{\"@type\":\"ImageObject\",\"@id\":\"https:\/\/goldenplast.com\/#logo\",\"inLanguage\":\"en-US\",\"url\":\"https:\/\/goldenplast.com\/wp-content\/uploads\/2021\/05\/logo_goldenplast-1.png\",\"contentUrl\":\"https:\/\/goldenplast.com\/wp-content\/uploads\/2021\/05\/logo_goldenplast-1.png\",\"width\":600,\"height\":297,\"caption\":\"Goldenplast\\u00ae\"},\"image\":{\"@id\":\"https:\/\/goldenplast.com\/#logo\"}},{\"@type\":\"WebSite\",\"@id\":\"https:\/\/goldenplast.com\/#website\",\"url\":\"https:\/\/goldenplast.com\/\",\"name\":\"GoldenPlast\",\"description\":\"\",\"publisher\":{\"@id\":\"https:\/\/goldenplast.com\/#organization\"},\"potentialAction\":[{\"@type\":\"SearchAction\",\"target\":\"https:\/\/goldenplast.com\/?s={search_term_string}\",\"query-input\":\"required name=search_term_string\"}],\"inLanguage\":\"en-US\"},{\"@type\":\"WebPage\",\"@id\":\"https:\/\/goldenplast.com\/en\/privacy-policy\/#webpage\",\"url\":\"https:\/\/goldenplast.com\/en\/privacy-policy\/\",\"name\":\"Privacy Policy | GoldenPlast\",\"isPartOf\":{\"@id\":\"https:\/\/goldenplast.com\/#website\"},\"datePublished\":\"2021-10-28T10:19:21+00:00\",\"dateModified\":\"2021-10-28T10:19:21+00:00\",\"breadcrumb\":{\"@id\":\"https:\/\/goldenplast.com\/en\/privacy-policy\/#breadcrumb\"},\"inLanguage\":\"en-US\",\"potentialAction\":[{\"@type\":\"ReadAction\",\"target\":[\"https:\/\/goldenplast.com\/en\/privacy-policy\/\"]}]},{\"@type\":\"BreadcrumbList\",\"@id\":\"https:\/\/goldenplast.com\/en\/privacy-policy\/#breadcrumb\",\"itemListElement\":[{\"@type\":\"ListItem\",\"position\":1,\"item\":{\"@type\":\"WebPage\",\"@id\":\"https:\/\/goldenplast.com\/en\/\",\"url\":\"https:\/\/goldenplast.com\/en\/\",\"name\":\"Home\"}},{\"@type\":\"ListItem\",\"position\":2,\"item\":{\"@type\":\"WebPage\",\"@id\":\"https:\/\/goldenplast.com\/en\/privacy-policy\/\",\"url\":\"https:\/\/goldenplast.com\/en\/privacy-policy\/\",\"name\":\"Privacy Policy\"}}]}]}<\/script>\n<!-- \/ Yoast SEO plugin. -->","_links":{"self":[{"href":"https:\/\/goldenplast.com\/en\/wp-json\/wp\/v2\/pages\/1408"}],"collection":[{"href":"https:\/\/goldenplast.com\/en\/wp-json\/wp\/v2\/pages"}],"about":[{"href":"https:\/\/goldenplast.com\/en\/wp-json\/wp\/v2\/types\/page"}],"author":[{"embeddable":true,"href":"https:\/\/goldenplast.com\/en\/wp-json\/wp\/v2\/users\/1"}],"replies":[{"embeddable":true,"href":"https:\/\/goldenplast.com\/en\/wp-json\/wp\/v2\/comments?post=1408"}],"version-history":[{"count":2,"href":"https:\/\/goldenplast.com\/en\/wp-json\/wp\/v2\/pages\/1408\/revisions"}],"predecessor-version":[{"id":1410,"href":"https:\/\/goldenplast.com\/en\/wp-json\/wp\/v2\/pages\/1408\/revisions\/1410"}],"wp:attachment":[{"href":"https:\/\/goldenplast.com\/en\/wp-json\/wp\/v2\/media?parent=1408"}],"wp:term":[{"taxonomy":"post_tag","embeddable":true,"href":"https:\/\/goldenplast.com\/en\/wp-json\/wp\/v2\/tags?post=1408"}],"curies":[{"name":"wp","href":"https:\/\/api.w.org\/{rel}","templated":true}]}}