{"id":1163,"date":"2021-10-05T10:10:57","date_gmt":"2021-10-05T08:10:57","guid":{"rendered":"https:\/\/goldenplast.com\/request-information\/"},"modified":"2021-10-05T10:48:59","modified_gmt":"2021-10-05T08:48:59","slug":"request-information","status":"publish","type":"page","link":"https:\/\/goldenplast.com\/en\/request-information\/","title":{"rendered":"Request information"},"content":{"rendered":"<p>[vc_row css_animation=&#8221;&#8221; row_type=&#8221;row&#8221; use_row_as_full_screen_section=&#8221;no&#8221; type=&#8221;full_width&#8221; angled_section=&#8221;no&#8221; text_align=&#8221;left&#8221; background_image_as_pattern=&#8221;without_pattern&#8221; z_index=&#8221;&#8221;][vc_column][vc_row_inner row_type=&#8221;row&#8221; type=&#8221;full_width&#8221; text_align=&#8221;left&#8221; css_animation=&#8221;&#8221; el_class=&#8221;image-homepage-background&#8221;][vc_column_inner][vc_column_text]<img class=\"alignnone size-full wp-image-1166 hide-mobile\" src=\"https:\/\/goldenplast.com\/wp-content\/uploads\/2021\/04\/richiesta_materiale_visore.jpg\" alt=\"\" width=\"100%\" height=\"auto\" \/><img class=\"alignnone size-full wp-image-1168 show-mobile\" src=\"https:\/\/goldenplast.com\/wp-content\/uploads\/2021\/04\/richiesta_materiale_visore-1.jpg\" alt=\"\" width=\"100%\" height=\"auto\" \/>[\/vc_column_text][\/vc_column_inner][\/vc_row_inner][\/vc_column][\/vc_row][vc_row css_animation=&#8221;&#8221; row_type=&#8221;row&#8221; use_row_as_full_screen_section=&#8221;no&#8221; type=&#8221;full_width&#8221; angled_section=&#8221;no&#8221; text_align=&#8221;left&#8221; background_image_as_pattern=&#8221;without_pattern&#8221; css=&#8221;.vc_custom_1618593303567{margin-bottom: 100px !important;padding-top: 100px !important;}&#8221; z_index=&#8221;&#8221;][vc_column][vc_row_inner row_type=&#8221;row&#8221; type=&#8221;grid&#8221; text_align=&#8221;left&#8221; css_animation=&#8221;&#8221;][vc_column_inner width=&#8221;1\/2&#8243;][vc_column_text el_class=&#8221;hide-mobile&#8221;]<\/p>\n<h2><span style=\"color: #2b2b2b;\">Contact us to develop your product together<br \/>\n<\/span><\/h2>\n<p>&nbsp;<\/p>\n<h5><span style=\"color: #2b2b2b;\">Fill in the form below and send us your request<br \/>\n<\/span><\/h5>\n<p>[\/vc_column_text][vc_column_text el_class=&#8221;show-mobile&#8221;]<\/p>\n<h2><span style=\"color: #2b2b2b;\">Contact us to develop your product together<br \/>\n<\/span><\/h2>\n<p>&nbsp;<\/p>\n<h5><span style=\"color: #2b2b2b;\">Fill in the form below and send us your request<br \/>\n<\/span><\/h5>\n<p>[\/vc_column_text][vc_empty_space height=&#8221;30px&#8221;][\/vc_column_inner][vc_column_inner width=&#8221;1\/2&#8243;][vc_column_text]<\/p>\n<div class=\"sc-lhuSvW jjUSzt sc-cAxRSX vShke\">\n<div class=\"sc-hoXqvr WhEZP\">\n<div class=\"sc-gsVtTC sc-gqdxRg cPkwTg hnrrFW\" data-testid=\"content\">\n<p class=\"styles__Root-sc-1myek4t-0 bOMqwn sc-fTABeZ styles__Root-sc-15iyh5a-0 bmhcdd\">Grazie alla nostra ampia gamma di prodotti, Goldenplast \u00e8 in grado di offrirti la soluzione pi\u00f9 adatta per la tua area di business, con la possibilit\u00e0 di personalizzare i prodotti gi\u00e0 esistenti oppure di crearne ad hoc. Esplora le nostre aree di business e scopri la gamma completa dei prodotti.<\/p>\n<\/div>\n<\/div>\n<\/div>\n<div class=\"sc-iaEFhd grGor\">\n<div class=\"sc-kdCWOv jPfCGU\" role=\"group\" aria-label=\"Scrollable region\">\n<div class=\"sc-lhuSvW jjUSzt\">\n<header class=\"sc-hTZrWc djDDXs\">\n<div class=\"sc-cSaEtG fpEpRL\">\n<div class=\"sc-BXqHe bwSTre\">\n<h2 class=\"styles__Root-sc-1myek4t-0 kHPVMh sc-fTABeZ\" align=\"left\"><\/h2>\n<\/div>\n<\/div>\n<\/header>\n<\/div>\n<\/div>\n<\/div>\n<p>[\/vc_column_text][vc_empty_space height=&#8221;30px&#8221;][\/vc_column_inner][\/vc_row_inner][vc_row_inner row_type=&#8221;row&#8221; type=&#8221;grid&#8221; text_align=&#8221;left&#8221; css_animation=&#8221;&#8221;][vc_column_inner width=&#8221;1\/2&#8243;][vc_column_text]<\/p>\n<h5><span style=\"color: #2b2b2b;\">Inizia la tua richiesta di materiale ora<\/span><\/h5>\n<p>[\/vc_column_text][vc_empty_space height=&#8221;15px&#8221;][vc_column_text]Goldenplast can develop products tailor-made to suit your business. We will be in touch as soon as possible to arrange an appointment.<br \/>\n[\/vc_column_text][\/vc_column_inner][vc_column_inner width=&#8221;1\/2&#8243;][\/vc_column_inner][\/vc_row_inner][\/vc_column][\/vc_row][vc_row css_animation=&#8221;&#8221; row_type=&#8221;row&#8221; use_row_as_full_screen_section=&#8221;no&#8221; type=&#8221;grid&#8221; angled_section=&#8221;no&#8221; text_align=&#8221;left&#8221; background_image_as_pattern=&#8221;without_pattern&#8221; z_index=&#8221;&#8221;][vc_column][vc_column_text]<div role=\"form\" class=\"wpcf7\" id=\"wpcf7-f1298-o1\" lang=\"en-US\" dir=\"ltr\">\n<div class=\"screen-reader-response\"><p role=\"status\" aria-live=\"polite\" aria-atomic=\"true\"><\/p> <ul><\/ul><\/div>\n<form action=\"\/en\/wp-json\/wp\/v2\/pages\/1163#wpcf7-f1298-o1\" method=\"post\" class=\"wpcf7-form init\" novalidate=\"novalidate\" data-status=\"init\">\n<div style=\"display: none;\">\n<input type=\"hidden\" name=\"_wpcf7\" value=\"1298\" \/>\n<input type=\"hidden\" name=\"_wpcf7_version\" value=\"5.4\" \/>\n<input type=\"hidden\" name=\"_wpcf7_locale\" value=\"en_US\" \/>\n<input type=\"hidden\" name=\"_wpcf7_unit_tag\" value=\"wpcf7-f1298-o1\" \/>\n<input type=\"hidden\" name=\"_wpcf7_container_post\" value=\"0\" \/>\n<input type=\"hidden\" name=\"_wpcf7_posted_data_hash\" value=\"\" \/>\n<input type=\"hidden\" name=\"_wpcf7_recaptcha_response\" value=\"\" \/>\n<\/div>\n<div class=\"one-half\"><label> Name*<br \/>\n    <span class=\"wpcf7-form-control-wrap your-name\"><input type=\"text\" name=\"your-name\" value=\"\" size=\"40\" class=\"wpcf7-form-control wpcf7-text wpcf7-validates-as-required\" aria-required=\"true\" aria-invalid=\"false\" \/><\/span> <\/label>\n<\/div>\n<div class=\"one-half last\">\n<label> Surname*<br \/>\n<span class=\"wpcf7-form-control-wrap your-surname\"><input type=\"text\" name=\"your-surname\" value=\"\" size=\"40\" class=\"wpcf7-form-control wpcf7-text wpcf7-validates-as-required\" aria-required=\"true\" aria-invalid=\"false\" \/><\/span> <\/label>\n<\/div>\n<div class=\"one-half\">\n<label> Company<br \/>\n<span class=\"wpcf7-form-control-wrap text-279\"><input type=\"text\" name=\"text-279\" value=\"\" size=\"40\" class=\"wpcf7-form-control wpcf7-text\" aria-invalid=\"false\" \/><\/span> <\/label>\n<\/div>\n<div class=\"one-half last\">\n<label> Email*<br \/>\n    <span class=\"wpcf7-form-control-wrap your-email\"><input type=\"email\" name=\"your-email\" value=\"\" size=\"40\" class=\"wpcf7-form-control wpcf7-text wpcf7-email wpcf7-validates-as-required wpcf7-validates-as-email\" aria-required=\"true\" aria-invalid=\"false\" \/><\/span> <\/label>\n<\/div>\n<div class=\"one-half\">\n<label>Tel*<br \/>\n<span class=\"wpcf7-form-control-wrap tel-619\"><input type=\"tel\" name=\"tel-619\" value=\"\" size=\"40\" class=\"wpcf7-form-control wpcf7-text wpcf7-tel wpcf7-validates-as-required wpcf7-validates-as-tel\" aria-required=\"true\" aria-invalid=\"false\" \/><\/span><\/label>\n<\/div>\n<div class=\"one-half last\">\n<label> Production sector<br \/>\n    <span class=\"wpcf7-form-control-wrap menu-2\"><select name=\"menu-2\" class=\"wpcf7-form-control wpcf7-select wpcf7-validates-as-required\" aria-required=\"true\" aria-invalid=\"false\"><option value=\"Calzature\">Calzature<\/option><option value=\"Articoli tecnici\">Articoli tecnici<\/option><option value=\"Campi sintetici\">Campi sintetici<\/option><\/select><\/span><\/label>\n<\/div>\n<div class=\"one-full\">\n<label> Description of material and any special requirements<br \/>\n    <span class=\"wpcf7-form-control-wrap your-message\"><textarea name=\"your-message\" cols=\"40\" rows=\"10\" class=\"wpcf7-form-control wpcf7-textarea wpcf7-validates-as-required\" aria-required=\"true\" aria-invalid=\"false\"><\/textarea><\/span> <\/label><br \/>\n<label> I have read and accept the <a href=\"http:\/\/goldenplast.com\/en\/privacy-policy\/\" target=\"_blank\">privacy conditions and policy <\/a> <span class=\"wpcf7-form-control-wrap acceptance-442\"><span class=\"wpcf7-form-control wpcf7-acceptance\"><span class=\"wpcf7-list-item\"><input type=\"checkbox\" name=\"acceptance-442\" value=\"1\" aria-invalid=\"false\" \/><\/span><\/span><\/span><\/label><\/div>\n<p><br\/<br\/><br \/>\n<input type=\"submit\" value=\"Send request\" class=\"wpcf7-form-control wpcf7-submit\" \/><\/p>\n<input type='hidden' class='wpcf7-pum' value='{\"closepopup\":false,\"closedelay\":0,\"openpopup\":false,\"openpopup_id\":0}' \/><div class=\"wpcf7-response-output\" aria-hidden=\"true\"><\/div><\/form><\/div>[\/vc_column_text][\/vc_column][\/vc_row]<\/p>\n","protected":false},"excerpt":{"rendered":"<p>[vc_row css_animation=&#8221;&#8221; row_type=&#8221;row&#8221; use_row_as_full_screen_section=&#8221;no&#8221; type=&#8221;full_width&#8221; angled_section=&#8221;no&#8221; text_align=&#8221;left&#8221; background_image_as_pattern=&#8221;without_pattern&#8221; z_index=&#8221;&#8221;][vc_column][vc_row_inner row_type=&#8221;row&#8221; type=&#8221;full_width&#8221; text_align=&#8221;left&#8221; css_animation=&#8221;&#8221; el_class=&#8221;image-homepage-background&#8221;][vc_column_inner][vc_column_text][\/vc_column_text][\/vc_column_inner][\/vc_row_inner][\/vc_column][\/vc_row][vc_row css_animation=&#8221;&#8221; row_type=&#8221;row&#8221; use_row_as_full_screen_section=&#8221;no&#8221; type=&#8221;full_width&#8221; angled_section=&#8221;no&#8221; text_align=&#8221;left&#8221; background_image_as_pattern=&#8221;without_pattern&#8221; css=&#8221;.vc_custom_1618593303567{margin-bottom: 100px !important;padding-top: 100px !important;}&#8221; z_index=&#8221;&#8221;][vc_column][vc_row_inner row_type=&#8221;row&#8221; type=&#8221;grid&#8221; text_align=&#8221;left&#8221; css_animation=&#8221;&#8221;][vc_column_inner width=&#8221;1\/2&#8243;][vc_column_text el_class=&#8221;hide-mobile&#8221;] Contact us to develop your product together &nbsp; Fill in the form&#8230;<\/p>\n","protected":false},"author":1,"featured_media":0,"parent":0,"menu_order":0,"comment_status":"closed","ping_status":"closed","template":"full_width.php","meta":[],"tags":[],"yoast_head":"<!-- This site is optimized with the Yoast SEO plugin v16.1.1 - https:\/\/yoast.com\/wordpress\/plugins\/seo\/ -->\n<title>Request information | GoldenPlast<\/title>\n<meta name=\"description\" content=\"Contattaci per sviluppare insieme il tuo prodotto.\" \/>\n<link rel=\"canonical\" href=\"https:\/\/goldenplast.com\/en\/request-information\/\" \/>\n<meta property=\"og:locale\" content=\"en_US\" \/>\n<meta property=\"og:type\" content=\"article\" \/>\n<meta property=\"og:title\" content=\"Request information | GoldenPlast\" \/>\n<meta property=\"og:description\" content=\"Contattaci per sviluppare insieme il tuo prodotto.\" \/>\n<meta property=\"og:url\" content=\"https:\/\/goldenplast.com\/en\/request-information\/\" \/>\n<meta property=\"og:site_name\" content=\"GoldenPlast\" \/>\n<meta property=\"article:modified_time\" content=\"2021-10-05T08:48:59+00:00\" \/>\n<meta property=\"og:image\" content=\"https:\/\/goldenplast.com\/wp-content\/uploads\/2021\/04\/richiesta_materiale_visore.jpg\" \/>\n<meta name=\"twitter:card\" content=\"summary_large_image\" \/>\n<meta name=\"twitter:label1\" content=\"Est. reading time\">\n\t<meta name=\"twitter:data1\" content=\"2 minutes\">\n<script type=\"application\/ld+json\" class=\"yoast-schema-graph\">{\"@context\":\"https:\/\/schema.org\",\"@graph\":[{\"@type\":\"Organization\",\"@id\":\"https:\/\/goldenplast.com\/#organization\",\"name\":\"Goldenplast\\u00ae\",\"url\":\"https:\/\/goldenplast.com\/\",\"sameAs\":[],\"logo\":{\"@type\":\"ImageObject\",\"@id\":\"https:\/\/goldenplast.com\/#logo\",\"inLanguage\":\"en-US\",\"url\":\"https:\/\/goldenplast.com\/wp-content\/uploads\/2021\/05\/logo_goldenplast-1.png\",\"contentUrl\":\"https:\/\/goldenplast.com\/wp-content\/uploads\/2021\/05\/logo_goldenplast-1.png\",\"width\":600,\"height\":297,\"caption\":\"Goldenplast\\u00ae\"},\"image\":{\"@id\":\"https:\/\/goldenplast.com\/#logo\"}},{\"@type\":\"WebSite\",\"@id\":\"https:\/\/goldenplast.com\/#website\",\"url\":\"https:\/\/goldenplast.com\/\",\"name\":\"GoldenPlast\",\"description\":\"\",\"publisher\":{\"@id\":\"https:\/\/goldenplast.com\/#organization\"},\"potentialAction\":[{\"@type\":\"SearchAction\",\"target\":\"https:\/\/goldenplast.com\/?s={search_term_string}\",\"query-input\":\"required name=search_term_string\"}],\"inLanguage\":\"en-US\"},{\"@type\":\"ImageObject\",\"@id\":\"https:\/\/goldenplast.com\/en\/request-information\/#primaryimage\",\"inLanguage\":\"en-US\",\"url\":\"https:\/\/goldenplast.com\/wp-content\/uploads\/2021\/04\/richiesta_materiale_visore.jpg\",\"contentUrl\":\"https:\/\/goldenplast.com\/wp-content\/uploads\/2021\/04\/richiesta_materiale_visore.jpg\",\"width\":2000,\"height\":600},{\"@type\":\"WebPage\",\"@id\":\"https:\/\/goldenplast.com\/en\/request-information\/#webpage\",\"url\":\"https:\/\/goldenplast.com\/en\/request-information\/\",\"name\":\"Request information | GoldenPlast\",\"isPartOf\":{\"@id\":\"https:\/\/goldenplast.com\/#website\"},\"primaryImageOfPage\":{\"@id\":\"https:\/\/goldenplast.com\/en\/request-information\/#primaryimage\"},\"datePublished\":\"2021-10-05T08:10:57+00:00\",\"dateModified\":\"2021-10-05T08:48:59+00:00\",\"description\":\"Contattaci per sviluppare insieme il tuo prodotto.\",\"breadcrumb\":{\"@id\":\"https:\/\/goldenplast.com\/en\/request-information\/#breadcrumb\"},\"inLanguage\":\"en-US\",\"potentialAction\":[{\"@type\":\"ReadAction\",\"target\":[\"https:\/\/goldenplast.com\/en\/request-information\/\"]}]},{\"@type\":\"BreadcrumbList\",\"@id\":\"https:\/\/goldenplast.com\/en\/request-information\/#breadcrumb\",\"itemListElement\":[{\"@type\":\"ListItem\",\"position\":1,\"item\":{\"@type\":\"WebPage\",\"@id\":\"https:\/\/goldenplast.com\/en\/\",\"url\":\"https:\/\/goldenplast.com\/en\/\",\"name\":\"Home\"}},{\"@type\":\"ListItem\",\"position\":2,\"item\":{\"@type\":\"WebPage\",\"@id\":\"https:\/\/goldenplast.com\/en\/request-information\/\",\"url\":\"https:\/\/goldenplast.com\/en\/request-information\/\",\"name\":\"Request information\"}}]}]}<\/script>\n<!-- \/ Yoast SEO plugin. -->","_links":{"self":[{"href":"https:\/\/goldenplast.com\/en\/wp-json\/wp\/v2\/pages\/1163"}],"collection":[{"href":"https:\/\/goldenplast.com\/en\/wp-json\/wp\/v2\/pages"}],"about":[{"href":"https:\/\/goldenplast.com\/en\/wp-json\/wp\/v2\/types\/page"}],"author":[{"embeddable":true,"href":"https:\/\/goldenplast.com\/en\/wp-json\/wp\/v2\/users\/1"}],"replies":[{"embeddable":true,"href":"https:\/\/goldenplast.com\/en\/wp-json\/wp\/v2\/comments?post=1163"}],"version-history":[{"count":4,"href":"https:\/\/goldenplast.com\/en\/wp-json\/wp\/v2\/pages\/1163\/revisions"}],"predecessor-version":[{"id":1281,"href":"https:\/\/goldenplast.com\/en\/wp-json\/wp\/v2\/pages\/1163\/revisions\/1281"}],"wp:attachment":[{"href":"https:\/\/goldenplast.com\/en\/wp-json\/wp\/v2\/media?parent=1163"}],"wp:term":[{"taxonomy":"post_tag","embeddable":true,"href":"https:\/\/goldenplast.com\/en\/wp-json\/wp\/v2\/tags?post=1163"}],"curies":[{"name":"wp","href":"https:\/\/api.w.org\/{rel}","templated":true}]}}